{"id":2599,"date":"2024-12-05T11:14:16","date_gmt":"2024-12-05T09:14:16","guid":{"rendered":"https:\/\/nova.quimmiquel.com\/quim-miquel-aec\/"},"modified":"2025-01-18T01:24:08","modified_gmt":"2025-01-17T23:24:08","slug":"quim-miquel-aec","status":"publish","type":"page","link":"https:\/\/quimmiquel.com\/es\/quim-miquel-aec\/","title":{"rendered":"Quim Miquel AEC"},"content":{"rendered":"<div class=\"col25 about_image\">\n<div class=\"backgroundfull\" style=\"background-image:url('https:\/\/quimmiquel.com\/wp-content\/uploads\/2024\/12\/74389762_10157421647535435_6077637392540368896_n.jpg')\"><\/div>\n<\/div>\n<div class=\"col75 col-justiffy\">\n<div class=\"withlimiter\">\nNacido en Barcelona, Quim Miquel est\u00e1 involucrado en la industria de los medios desde 1989, explorando sus m\u00faltiples facetas.<\/p>\n<p>Desde 1993 hasta 1999, trabaj\u00f3 en una empresa de producci\u00f3n publicitaria en Barcelona, donde descubri\u00f3 su pasi\u00f3n por la cinematograf\u00eda y tuvo la oportunidad de trabajar de cerca con una c\u00e1mara de 35 mm.<\/p>\n<p>Desde 1999, trabaja como Director de Fotograf\u00eda freelance.<\/p>\n<p>Quim es miembro activo de la AEC (Asociaci\u00f3n Espa\u00f1ola de Cinematograf\u00eda) desde enero de 2020.<\/p>\n<div class=\"wp-block-social-links\">\n<ul class=\"wp-block-social-links socials is-layout-flex wp-block-social-links-is-layout-flex\">\n<li class=\"wp-social-link wp-social-link-vimeo wp-block-social-link\"><a class=\"wp-block-social-link-anchor\" href=\"https:\/\/vimeo.com\/user100583825\"><span class=\"wp-block-social-link-label screen-reader-text\"><\/span><\/a><\/li>\n<li class=\"wp-social-link wp-social-link-linkedin wp-block-social-link\"><a class=\"wp-block-social-link-anchor\" href=\"https:\/\/www.linkedin.com\/in\/quim-miquel-22b8001a2\"><span class=\"wp-block-social-link-label screen-reader-text\"><\/span><\/a><\/li>\n<li class=\"wp-social-link wp-social-link-instagram wp-block-social-link\"><a class=\"wp-block-social-link-anchor\" href=\"https:\/\/www.instagram.com\/quimmiquel\/\"><span class=\"wp-block-social-link-label screen-reader-text\"><\/span><\/a><\/li>\n<li class=\"wp-social-link wp-social-link-imdb wp-block-social-link\"><a class=\"wp-block-social-link-anchor\" href=\"https:\/\/www.imdb.com\/name\/nm3909235\"><span class=\"wp-block-social-link-label screen-reader-text\"><\/span><\/a><\/li>\n<li class=\"wp-social-link  contact-text wp-block-social-link\">+34607919122<\/li>\n<li class=\"wp-social-link  contact-text wp-block-social-link\">jo@quimmiquel.com<\/li>\n<\/ul>\n<\/div>\n<\/div>\n<\/div>\n","protected":false},"excerpt":{"rendered":"<p>Nacido en Barcelona, Quim Miquel est\u00e1 involucrado en la industria de los medios desde 1989, explorando sus m\u00faltiples facetas. Desde 1993 hasta 1999, trabaj\u00f3 en una empresa de producci\u00f3n publicitaria en Barcelona, donde descubri\u00f3 su pasi\u00f3n por la cinematograf\u00eda y tuvo la oportunidad de trabajar de cerca con una c\u00e1mara de 35 mm. Desde 1999, [&hellip;]<\/p>\n","protected":false},"author":1,"featured_media":0,"parent":0,"menu_order":0,"comment_status":"closed","ping_status":"closed","template":"content-template.php","meta":{"footnotes":""},"class_list":["post-2599","page","type-page","status-publish","hentry"],"acf":[],"_links":{"self":[{"href":"https:\/\/quimmiquel.com\/es\/wp-json\/wp\/v2\/pages\/2599","targetHints":{"allow":["GET"]}}],"collection":[{"href":"https:\/\/quimmiquel.com\/es\/wp-json\/wp\/v2\/pages"}],"about":[{"href":"https:\/\/quimmiquel.com\/es\/wp-json\/wp\/v2\/types\/page"}],"author":[{"embeddable":true,"href":"https:\/\/quimmiquel.com\/es\/wp-json\/wp\/v2\/users\/1"}],"replies":[{"embeddable":true,"href":"https:\/\/quimmiquel.com\/es\/wp-json\/wp\/v2\/comments?post=2599"}],"version-history":[{"count":5,"href":"https:\/\/quimmiquel.com\/es\/wp-json\/wp\/v2\/pages\/2599\/revisions"}],"predecessor-version":[{"id":3224,"href":"https:\/\/quimmiquel.com\/es\/wp-json\/wp\/v2\/pages\/2599\/revisions\/3224"}],"wp:attachment":[{"href":"https:\/\/quimmiquel.com\/es\/wp-json\/wp\/v2\/media?parent=2599"}],"curies":[{"name":"wp","href":"https:\/\/api.w.org\/{rel}","templated":true}]}}