{"id":2610,"date":"2024-12-05T11:14:16","date_gmt":"2024-12-05T09:14:16","guid":{"rendered":"https:\/\/nova.quimmiquel.com\/quim-miquel-aec\/"},"modified":"2025-01-18T01:23:59","modified_gmt":"2025-01-17T23:23:59","slug":"quim-miquel-aec","status":"publish","type":"page","link":"https:\/\/quimmiquel.com\/ca\/quim-miquel-aec\/","title":{"rendered":"Quim Miquel AEC"},"content":{"rendered":"<div class=\"col25 about_image\">\n<div class=\"backgroundfull\" style=\"background-image:url('https:\/\/quimmiquel.com\/wp-content\/uploads\/2024\/12\/74389762_10157421647535435_6077637392540368896_n.jpg')\"><\/div>\n<\/div>\n<div class=\"col75 col-justiffy\">\n<div class=\"withlimiter\">\n<p>Nascut a Barcelona, Quim est\u00e0 involucrat en la ind\u00fastria de mitjans de comunicaci\u00f3 des de 1989, explorant-ne moltes facetes.<\/p>\n<p>Del 1993 al 1999, va treballar en una empresa de producci\u00f3 publicit\u00e0ria a Barcelona, on va descobrir la seva passi\u00f3 per la cinematografia i va tenir l\u2019oportunitat de treballar de prop amb una c\u00e0mera de 35 mm.  <\/p>\n<p>Des del 1999, treballa com a Director de Fotografia freelance.<br \/>\nQuim \u00e9s membre actiu de l&#8217;AEC (Associaci\u00f3 Espanyola de Directors de Fotografia) des del gener de 2020.<\/p>\n<div class=\"wp-block-social-links\">\n<ul class=\"wp-block-social-links socials is-layout-flex wp-block-social-links-is-layout-flex\">\n<li class=\"wp-social-link wp-social-link-vimeo wp-block-social-link\"><a class=\"wp-block-social-link-anchor\" href=\"https:\/\/vimeo.com\/user100583825\"><span class=\"wp-block-social-link-label screen-reader-text\"><\/span><\/a><\/li>\n<li class=\"wp-social-link wp-social-link-linkedin wp-block-social-link\"><a class=\"wp-block-social-link-anchor\" href=\"https:\/\/www.linkedin.com\/in\/quim-miquel-22b8001a2\"><span class=\"wp-block-social-link-label screen-reader-text\"><\/span><\/a><\/li>\n<li class=\"wp-social-link wp-social-link-instagram wp-block-social-link\"><a class=\"wp-block-social-link-anchor\" href=\"https:\/\/www.instagram.com\/quimmiquel\/\"><span class=\"wp-block-social-link-label screen-reader-text\"><\/span><\/a><\/li>\n<li class=\"wp-social-link wp-social-link-imdb wp-block-social-link\"><a class=\"wp-block-social-link-anchor\" href=\"https:\/\/www.imdb.com\/name\/nm3909235\"><span class=\"wp-block-social-link-label screen-reader-text\"><\/span><\/a><\/li>\n<li class=\"wp-social-link  contact-text wp-block-social-link\">+34607919122<\/li>\n<li class=\"wp-social-link  contact-text wp-block-social-link\">jo@quimmiquel.com<\/li>\n<\/ul>\n<\/div>\n<\/div>\n<\/div>\n","protected":false},"excerpt":{"rendered":"<p>Nascut a Barcelona, Quim est\u00e0 involucrat en la ind\u00fastria de mitjans de comunicaci\u00f3 des de 1989, explorant-ne moltes facetes. Del 1993 al 1999, va treballar en una empresa de producci\u00f3 publicit\u00e0ria a Barcelona, on va descobrir la seva passi\u00f3 per la cinematografia i va tenir l\u2019oportunitat de treballar de prop amb una c\u00e0mera de 35 [&hellip;]<\/p>\n","protected":false},"author":1,"featured_media":0,"parent":0,"menu_order":0,"comment_status":"closed","ping_status":"closed","template":"content-template.php","meta":{"footnotes":""},"class_list":["post-2610","page","type-page","status-publish","hentry"],"acf":[],"_links":{"self":[{"href":"https:\/\/quimmiquel.com\/ca\/wp-json\/wp\/v2\/pages\/2610","targetHints":{"allow":["GET"]}}],"collection":[{"href":"https:\/\/quimmiquel.com\/ca\/wp-json\/wp\/v2\/pages"}],"about":[{"href":"https:\/\/quimmiquel.com\/ca\/wp-json\/wp\/v2\/types\/page"}],"author":[{"embeddable":true,"href":"https:\/\/quimmiquel.com\/ca\/wp-json\/wp\/v2\/users\/1"}],"replies":[{"embeddable":true,"href":"https:\/\/quimmiquel.com\/ca\/wp-json\/wp\/v2\/comments?post=2610"}],"version-history":[{"count":4,"href":"https:\/\/quimmiquel.com\/ca\/wp-json\/wp\/v2\/pages\/2610\/revisions"}],"predecessor-version":[{"id":3223,"href":"https:\/\/quimmiquel.com\/ca\/wp-json\/wp\/v2\/pages\/2610\/revisions\/3223"}],"wp:attachment":[{"href":"https:\/\/quimmiquel.com\/ca\/wp-json\/wp\/v2\/media?parent=2610"}],"curies":[{"name":"wp","href":"https:\/\/api.w.org\/{rel}","templated":true}]}}